{"id":1410,"date":"2021-04-26T10:14:39","date_gmt":"2021-04-26T13:14:39","guid":{"rendered":"https:\/\/direitopenaledemocracia.ufpa.br\/?page_id=1410"},"modified":"2025-10-02T15:18:18","modified_gmt":"2025-10-02T18:18:18","slug":"materiais","status":"publish","type":"page","link":"https:\/\/direitopenaledemocracia.ufpa.br\/index.php\/materiais\/","title":{"rendered":"LIVROS E CARTILHAS"},"content":{"rendered":"<p>[et_pb_section fb_built=&#8221;1&#8243; _builder_version=&#8221;3.22&#8243; background_image=&#8221;http:\/\/direitopenaledemocracia.ufpa.br\/wp-content\/uploads\/2018\/06\/eventos-anteriores.png&#8221; custom_padding=&#8221;54px|0px|0|0px|false|false&#8221;][et_pb_row column_structure=&#8221;1_2,1_2&#8243; _builder_version=&#8221;3.25&#8243;][et_pb_column type=&#8221;1_2&#8243; _builder_version=&#8221;3.25&#8243; custom_padding=&#8221;|||&#8221; custom_padding__hover=&#8221;|||&#8221;][et_pb_text _builder_version=&#8221;3.27.4&#8243; text_font=&#8221;||||||||&#8221; text_font_size=&#8221;60px&#8221; header_font=&#8221;|700|||||||&#8221; header_text_color=&#8221;#ffffff&#8221; header_font_size=&#8221;56px&#8221;]<span style=\"color: #ffffff;\">MATERIAIS<\/span>&nbsp;<\/p>\n<p>&nbsp;[\/et_pb_text][\/et_pb_column][et_pb_column type=&#8221;1_2&#8243; _builder_version=&#8221;3.25&#8243; custom_padding=&#8221;|||&#8221; custom_padding__hover=&#8221;|||&#8221;][et_pb_text disabled_on=&#8221;on|on|on&#8221; _builder_version=&#8221;3.27.4&#8243; text_font=&#8221;||||||||&#8221; text_line_height=&#8221;2.5em&#8221; header_font=&#8221;||||||||&#8221; header_2_font=&#8221;||||||||&#8221; header_3_font=&#8221;||||||||&#8221; header_4_font=&#8221;||||||||&#8221; header_4_font_size=&#8221;15px&#8221; header_4_line_height=&#8221;1.4em&#8221; custom_padding_tablet=&#8221;&#8221; custom_padding_phone=&#8221;&#8221; custom_padding_last_edited=&#8221;on|desktop&#8221; disabled=&#8221;on&#8221;]<\/p>\n<h4 style=\"text-align: justify;\"><span style=\"color: #ffffff;\"><strong>Aqui est\u00e3o arquivados os materiais produzidos pelo Grupo de Pesquisa Direito Penal e Democracia<\/strong><\/span><\/h4>\n<p>[\/et_pb_text][\/et_pb_column][\/et_pb_row][\/et_pb_section][et_pb_section fb_built=&#8221;1&#8243; _builder_version=&#8221;3.22&#8243; custom_padding=&#8221;25.5px|0px|25.5px|0px|true|false&#8221;][et_pb_row _builder_version=&#8221;4.9.9&#8243; _module_preset=&#8221;default&#8221; custom_margin=&#8221;3px|auto||auto||&#8221;][et_pb_column type=&#8221;4_4&#8243; _builder_version=&#8221;4.9.9&#8243; _module_preset=&#8221;default&#8221;][et_pb_divider color=&#8221;#a30b27&#8243; _builder_version=&#8221;3.10.1&#8243;]&nbsp;[\/et_pb_divider][et_pb_text _builder_version=&#8221;4.9.9&#8243; _module_preset=&#8221;default&#8221; custom_margin=&#8221;||-3px|||&#8221;]<\/p>\n<h2 style=\"text-align: center;\"><strong>LIVROS<\/strong><\/h2>\n<p>[\/et_pb_text][\/et_pb_column][\/et_pb_row][et_pb_row column_structure=&#8221;1_3,1_3,1_3&#8243; _builder_version=&#8221;3.25&#8243; custom_padding=&#8221;30px|0px|20px|0px|false|false&#8221;][et_pb_column type=&#8221;1_3&#8243; _builder_version=&#8221;3.25&#8243; custom_padding=&#8221;|||&#8221; custom_padding__hover=&#8221;|||&#8221;][et_pb_image src=&#8221;http:\/\/direitopenaledemocracia.ufpa.br\/wp-content\/uploads\/2025\/09\/CAPAS.png&#8221; title_text=&#8221;Ci\u00eancias-Criminais-Pelo-Desencarceramento&#8221; url_new_window=&#8221;on&#8221; align_tablet=&#8221;center&#8221; align_phone=&#8221;&#8221; align_last_edited=&#8221;on|desktop&#8221; _builder_version=&#8221;4.9.9&#8243; hover_enabled=&#8221;0&#8243; alt=&#8221;Ci\u00eancias-Criminais-Pelo-Desencarceramento&#8221; sticky_enabled=&#8221;0&#8243;]&nbsp;[\/et_pb_image][et_pb_text _builder_version=&#8221;4.9.9&#8243;]<\/p>\n<h2 style=\"text-align: center;\"><b>Ci\u00eancias criminais pelo desencarceramento<\/b><\/h2>\n<p>[\/et_pb_text][et_pb_button button_url=&#8221;https:\/\/drive.google.com\/file\/d\/1Z_U6vM3kJek9-PehV_wVntGkob0lnsJS\/view?usp=sharing&#8221; url_new_window=&#8221;on&#8221; button_text=&#8221;VISUALIZAR LIVRO&#8221; button_alignment=&#8221;center&#8221; _builder_version=&#8221;4.9.9&#8243; custom_button=&#8221;on&#8221; button_text_size=&#8221;16px&#8221; button_text_color=&#8221;#aa0322&#8243; button_border_width=&#8221;3px&#8221; button_border_radius=&#8221;28px&#8221; button_letter_spacing=&#8221;0px&#8221; button_font=&#8221;|700|||||||&#8221; button_use_icon=&#8221;off&#8221; button_text_color_hover=&#8221;#ffffff&#8221; button_bg_color_hover=&#8221;#96031e&#8221; button_text_size__hover_enabled=&#8221;off&#8221; button_one_text_size__hover_enabled=&#8221;off&#8221; button_two_text_size__hover_enabled=&#8221;off&#8221; button_text_color__hover_enabled=&#8221;on&#8221; button_text_color__hover=&#8221;#ffffff&#8221; button_one_text_color__hover_enabled=&#8221;off&#8221; button_two_text_color__hover_enabled=&#8221;off&#8221; button_border_width__hover_enabled=&#8221;off&#8221; button_one_border_width__hover_enabled=&#8221;off&#8221; button_two_border_width__hover_enabled=&#8221;off&#8221; button_border_color__hover_enabled=&#8221;off&#8221; button_one_border_color__hover_enabled=&#8221;off&#8221; button_two_border_color__hover_enabled=&#8221;off&#8221; button_border_radius__hover_enabled=&#8221;off&#8221; button_one_border_radius__hover_enabled=&#8221;off&#8221; button_two_border_radius__hover_enabled=&#8221;off&#8221; button_letter_spacing__hover_enabled=&#8221;off&#8221; button_one_letter_spacing__hover_enabled=&#8221;off&#8221; button_two_letter_spacing__hover_enabled=&#8221;off&#8221; button_bg_color__hover_enabled=&#8221;on&#8221; button_bg_color__hover=&#8221;#96031e&#8221; button_one_bg_color__hover_enabled=&#8221;off&#8221; button_two_bg_color__hover_enabled=&#8221;off&#8221;]&nbsp;[\/et_pb_button][\/et_pb_column][et_pb_column type=&#8221;1_3&#8243; _builder_version=&#8221;3.25&#8243; custom_padding=&#8221;|||&#8221; custom_padding__hover=&#8221;|||&#8221;][et_pb_image src=&#8221;http:\/\/direitopenaledemocracia.ufpa.br\/wp-content\/uploads\/2025\/09\/CAPAS-1.png&#8221; title_text=&#8221;Am\u00e9rica-Latina-e-suas-Criminologias&#8221; _builder_version=&#8221;4.9.9&#8243; _module_preset=&#8221;default&#8221; hover_enabled=&#8221;0&#8243; alt=&#8221;Am\u00e9rica Latina e suas Criminologias&#8221; sticky_enabled=&#8221;0&#8243;][\/et_pb_image][et_pb_text _builder_version=&#8221;4.9.9&#8243;]<\/p>\n<h2 style=\"text-align: center;\"><b>Am\u00e9rica latina e suas criminologias<\/b><\/h2>\n<p>[\/et_pb_text][et_pb_button button_url=&#8221;https:\/\/publicacoes.even3.com.br\/book\/america-latina-e-suas-criminologias-5405765&#8243; url_new_window=&#8221;on&#8221; button_text=&#8221;VISUALIZAR LIVRO&#8221; button_alignment=&#8221;center&#8221; _builder_version=&#8221;4.9.9&#8243; custom_button=&#8221;on&#8221; button_text_size=&#8221;16px&#8221; button_text_color=&#8221;#aa0322&#8243; button_border_width=&#8221;3px&#8221; button_border_radius=&#8221;28px&#8221; button_letter_spacing=&#8221;0px&#8221; button_font=&#8221;|700|||||||&#8221; button_use_icon=&#8221;off&#8221; button_text_color_hover=&#8221;#ffffff&#8221; button_bg_color_hover=&#8221;#96031e&#8221; button_text_size__hover_enabled=&#8221;off&#8221; button_one_text_size__hover_enabled=&#8221;off&#8221; button_two_text_size__hover_enabled=&#8221;off&#8221; button_text_color__hover_enabled=&#8221;on&#8221; button_text_color__hover=&#8221;#ffffff&#8221; button_one_text_color__hover_enabled=&#8221;off&#8221; button_two_text_color__hover_enabled=&#8221;off&#8221; button_border_width__hover_enabled=&#8221;off&#8221; button_one_border_width__hover_enabled=&#8221;off&#8221; button_two_border_width__hover_enabled=&#8221;off&#8221; button_border_color__hover_enabled=&#8221;off&#8221; button_one_border_color__hover_enabled=&#8221;off&#8221; button_two_border_color__hover_enabled=&#8221;off&#8221; button_border_radius__hover_enabled=&#8221;off&#8221; button_one_border_radius__hover_enabled=&#8221;off&#8221; button_two_border_radius__hover_enabled=&#8221;off&#8221; button_letter_spacing__hover_enabled=&#8221;off&#8221; button_one_letter_spacing__hover_enabled=&#8221;off&#8221; button_two_letter_spacing__hover_enabled=&#8221;off&#8221; button_bg_color__hover_enabled=&#8221;on&#8221; button_bg_color__hover=&#8221;#96031e&#8221; button_one_bg_color__hover_enabled=&#8221;off&#8221; button_two_bg_color__hover_enabled=&#8221;off&#8221;]&nbsp;[\/et_pb_button][\/et_pb_column][et_pb_column type=&#8221;1_3&#8243; _builder_version=&#8221;3.25&#8243; custom_padding=&#8221;|||&#8221; custom_padding__hover=&#8221;|||&#8221;][et_pb_image src=&#8221;http:\/\/direitopenaledemocracia.ufpa.br\/wp-content\/uploads\/2025\/09\/CAPAS-3.png&#8221; title_text=&#8221;Din\u00e2micas-de-Atua\u00e7\u00e3o-do-Sistema-de-Justi\u00e7a-Criminal&#8221; _builder_version=&#8221;4.9.9&#8243; _module_preset=&#8221;default&#8221; hover_enabled=&#8221;0&#8243; alt=&#8221;Din\u00e2micas-de-Atua\u00e7\u00e3o-do-Sistema-de-Justi\u00e7a-Criminal&#8221; sticky_enabled=&#8221;0&#8243;][\/et_pb_image][et_pb_text _builder_version=&#8221;4.9.9&#8243;]<\/p>\n<h2 style=\"text-align: center;\"><b>Din\u00e2micas de atua\u00e7\u00e3o do sistema de justi\u00e7a criminal<\/b><\/h2>\n<p>[\/et_pb_text][et_pb_button button_url=&#8221;https:\/\/www.academia.edu\/38599488\/Din%C3%A2micas_de_atua%C3%A7%C3%A3o_do_sistema_de_justi%C3%A7a_criminal&#8221; url_new_window=&#8221;on&#8221; button_text=&#8221;VISUALIZAR LIVRO&#8221; button_alignment=&#8221;center&#8221; _builder_version=&#8221;4.9.9&#8243; custom_button=&#8221;on&#8221; button_text_size=&#8221;16px&#8221; button_text_color=&#8221;#aa0322&#8243; button_border_width=&#8221;3px&#8221; button_border_radius=&#8221;28px&#8221; button_letter_spacing=&#8221;0px&#8221; button_font=&#8221;|700|||||||&#8221; button_use_icon=&#8221;off&#8221; button_text_color_hover=&#8221;#ffffff&#8221; button_bg_color_hover=&#8221;#96031e&#8221; button_text_size__hover_enabled=&#8221;off&#8221; button_one_text_size__hover_enabled=&#8221;off&#8221; button_two_text_size__hover_enabled=&#8221;off&#8221; button_text_color__hover_enabled=&#8221;on&#8221; button_text_color__hover=&#8221;#ffffff&#8221; button_one_text_color__hover_enabled=&#8221;off&#8221; button_two_text_color__hover_enabled=&#8221;off&#8221; button_border_width__hover_enabled=&#8221;off&#8221; button_one_border_width__hover_enabled=&#8221;off&#8221; button_two_border_width__hover_enabled=&#8221;off&#8221; button_border_color__hover_enabled=&#8221;off&#8221; button_one_border_color__hover_enabled=&#8221;off&#8221; button_two_border_color__hover_enabled=&#8221;off&#8221; button_border_radius__hover_enabled=&#8221;off&#8221; button_one_border_radius__hover_enabled=&#8221;off&#8221; button_two_border_radius__hover_enabled=&#8221;off&#8221; button_letter_spacing__hover_enabled=&#8221;off&#8221; button_one_letter_spacing__hover_enabled=&#8221;off&#8221; button_two_letter_spacing__hover_enabled=&#8221;off&#8221; button_bg_color__hover_enabled=&#8221;on&#8221; button_bg_color__hover=&#8221;#96031e&#8221; button_one_bg_color__hover_enabled=&#8221;off&#8221; button_two_bg_color__hover_enabled=&#8221;off&#8221;]&nbsp;[\/et_pb_button][\/et_pb_column][\/et_pb_row][et_pb_row column_structure=&#8221;1_3,1_3,1_3&#8243; _builder_version=&#8221;3.25&#8243; custom_padding=&#8221;30px|0px|20px|0px|false|false&#8221;][et_pb_column type=&#8221;1_3&#8243; _builder_version=&#8221;3.25&#8243; custom_padding=&#8221;|||&#8221; custom_padding__hover=&#8221;|||&#8221;][et_pb_image src=&#8221;http:\/\/direitopenaledemocracia.ufpa.br\/wp-content\/uploads\/2025\/09\/CAPAS-4.png&#8221; title_text=&#8221;Mulheres-e-Sistema-Penal-na-Amaz\u00f4nia&#8221; url_new_window=&#8221;on&#8221; align_tablet=&#8221;center&#8221; align_phone=&#8221;&#8221; align_last_edited=&#8221;on|desktop&#8221; _builder_version=&#8221;4.9.9&#8243; hover_enabled=&#8221;0&#8243; alt=&#8221;Capa do livro: Mulheres e sistema penal na Amaz\u00f4nia&#8221; sticky_enabled=&#8221;0&#8243;]&nbsp;[\/et_pb_image][et_pb_text _builder_version=&#8221;4.9.9&#8243;]<\/p>\n<h2 style=\"text-align: center;\"><b>Mulheres e sistema penal na Amaz\u00f4nia<\/b><\/h2>\n<p>[\/et_pb_text][et_pb_button button_url=&#8221;https:\/\/www.academia.edu\/38590532\/Mulheres_e_Sistema_penal_na_Amazonia&#8221; url_new_window=&#8221;on&#8221; button_text=&#8221;VISUALIZAR LIVRO&#8221; button_alignment=&#8221;center&#8221; _builder_version=&#8221;4.9.9&#8243; custom_button=&#8221;on&#8221; button_text_size=&#8221;16px&#8221; button_text_color=&#8221;#aa0322&#8243; button_border_width=&#8221;3px&#8221; button_border_radius=&#8221;28px&#8221; button_letter_spacing=&#8221;0px&#8221; button_font=&#8221;|700|||||||&#8221; button_use_icon=&#8221;off&#8221; button_text_color_hover=&#8221;#ffffff&#8221; button_bg_color_hover=&#8221;#96031e&#8221; button_text_size__hover_enabled=&#8221;off&#8221; button_one_text_size__hover_enabled=&#8221;off&#8221; button_two_text_size__hover_enabled=&#8221;off&#8221; button_text_color__hover_enabled=&#8221;on&#8221; button_text_color__hover=&#8221;#ffffff&#8221; button_one_text_color__hover_enabled=&#8221;off&#8221; button_two_text_color__hover_enabled=&#8221;off&#8221; button_border_width__hover_enabled=&#8221;off&#8221; button_one_border_width__hover_enabled=&#8221;off&#8221; button_two_border_width__hover_enabled=&#8221;off&#8221; button_border_color__hover_enabled=&#8221;off&#8221; button_one_border_color__hover_enabled=&#8221;off&#8221; button_two_border_color__hover_enabled=&#8221;off&#8221; button_border_radius__hover_enabled=&#8221;off&#8221; button_one_border_radius__hover_enabled=&#8221;off&#8221; button_two_border_radius__hover_enabled=&#8221;off&#8221; button_letter_spacing__hover_enabled=&#8221;off&#8221; button_one_letter_spacing__hover_enabled=&#8221;off&#8221; button_two_letter_spacing__hover_enabled=&#8221;off&#8221; button_bg_color__hover_enabled=&#8221;on&#8221; button_bg_color__hover=&#8221;#96031e&#8221; button_one_bg_color__hover_enabled=&#8221;off&#8221; button_two_bg_color__hover_enabled=&#8221;off&#8221;]&nbsp;[\/et_pb_button][\/et_pb_column][et_pb_column type=&#8221;1_3&#8243; _builder_version=&#8221;3.25&#8243; custom_padding=&#8221;|||&#8221; custom_padding__hover=&#8221;|||&#8221;][\/et_pb_column][et_pb_column type=&#8221;1_3&#8243; _builder_version=&#8221;3.25&#8243; custom_padding=&#8221;|||&#8221; custom_padding__hover=&#8221;|||&#8221;][\/et_pb_column][\/et_pb_row][et_pb_row _builder_version=&#8221;4.9.9&#8243; _module_preset=&#8221;default&#8221; custom_margin=&#8221;21px|auto||auto||&#8221; custom_padding=&#8221;2px||0px|||&#8221;][et_pb_column type=&#8221;4_4&#8243; _builder_version=&#8221;4.9.9&#8243; _module_preset=&#8221;default&#8221;][et_pb_divider color=&#8221;#a30b27&#8243; _builder_version=&#8221;3.10.1&#8243;]&nbsp;[\/et_pb_divider][et_pb_text _builder_version=&#8221;4.9.9&#8243; _module_preset=&#8221;default&#8221;]<\/p>\n<h2 style=\"text-align: center;\"><strong>CARTILHAS<\/strong><\/h2>\n<p>[\/et_pb_text][\/et_pb_column][\/et_pb_row][\/et_pb_section][et_pb_section fb_built=&#8221;1&#8243; _builder_version=&#8221;3.22&#8243; custom_padding=&#8221;0|0px|50.5156px|0px|false|false&#8221;][et_pb_row column_structure=&#8221;1_3,1_3,1_3&#8243; _builder_version=&#8221;3.25&#8243; custom_padding=&#8221;30px|0px|20px|0px|false|false&#8221;][et_pb_column type=&#8221;1_3&#8243; _builder_version=&#8221;3.25&#8243; custom_padding=&#8221;|||&#8221; custom_padding__hover=&#8221;|||&#8221;][et_pb_image src=&#8221;http:\/\/direitopenaledemocracia.ufpa.br\/wp-content\/uploads\/2025\/10\/Por-que-devemos-desencarcerar.png&#8221; title_text=&#8221;Por-que-devemos-desencarcerar&#8221; url=&#8221;http:\/\/direitopenaledemocracia.ufpa.br\/wp-content\/uploads\/2021\/07\/cartilha-desencarcera.pdf&#8221; url_new_window=&#8221;on&#8221; align_tablet=&#8221;center&#8221; align_phone=&#8221;&#8221; align_last_edited=&#8221;on|desktop&#8221; _builder_version=&#8221;4.9.9&#8243; hover_enabled=&#8221;0&#8243; alt=&#8221;Capa da cartilha: Por que devemos desencarcerar?&#8221; sticky_enabled=&#8221;0&#8243;]&nbsp;[\/et_pb_image][et_pb_text _builder_version=&#8221;3.27.4&#8243;]<\/p>\n<h2 style=\"text-align: center;\"><strong>Por que devemos desencarcerar?<\/strong>\u00a0<\/h2>\n<p>[\/et_pb_text][et_pb_button button_url=&#8221;http:\/\/direitopenaledemocracia.ufpa.br\/wp-content\/uploads\/2021\/07\/cartilha-desencarcera.pdf&#8221; url_new_window=&#8221;on&#8221; button_text=&#8221;VISUALIZAR CARTILHA&#8221; button_alignment=&#8221;center&#8221; _builder_version=&#8221;4.9.9&#8243; custom_button=&#8221;on&#8221; button_text_size=&#8221;16px&#8221; button_text_color=&#8221;#aa0322&#8243; button_border_width=&#8221;3px&#8221; button_border_radius=&#8221;28px&#8221; button_letter_spacing=&#8221;0px&#8221; button_font=&#8221;|700|||||||&#8221; button_use_icon=&#8221;off&#8221; button_text_color_hover=&#8221;#ffffff&#8221; button_bg_color_hover=&#8221;#96031e&#8221; button_text_size__hover_enabled=&#8221;off&#8221; button_one_text_size__hover_enabled=&#8221;off&#8221; button_two_text_size__hover_enabled=&#8221;off&#8221; button_text_color__hover_enabled=&#8221;on&#8221; button_text_color__hover=&#8221;#ffffff&#8221; button_one_text_color__hover_enabled=&#8221;off&#8221; button_two_text_color__hover_enabled=&#8221;off&#8221; button_border_width__hover_enabled=&#8221;off&#8221; button_one_border_width__hover_enabled=&#8221;off&#8221; button_two_border_width__hover_enabled=&#8221;off&#8221; button_border_color__hover_enabled=&#8221;off&#8221; button_one_border_color__hover_enabled=&#8221;off&#8221; button_two_border_color__hover_enabled=&#8221;off&#8221; button_border_radius__hover_enabled=&#8221;off&#8221; button_one_border_radius__hover_enabled=&#8221;off&#8221; button_two_border_radius__hover_enabled=&#8221;off&#8221; button_letter_spacing__hover_enabled=&#8221;off&#8221; button_one_letter_spacing__hover_enabled=&#8221;off&#8221; button_two_letter_spacing__hover_enabled=&#8221;off&#8221; button_bg_color__hover_enabled=&#8221;on&#8221; button_bg_color__hover=&#8221;#96031e&#8221; button_one_bg_color__hover_enabled=&#8221;off&#8221; button_two_bg_color__hover_enabled=&#8221;off&#8221;]&nbsp;[\/et_pb_button][\/et_pb_column][et_pb_column type=&#8221;1_3&#8243; _builder_version=&#8221;3.25&#8243; custom_padding=&#8221;|||&#8221; custom_padding__hover=&#8221;|||&#8221;][et_pb_image src=&#8221;http:\/\/direitopenaledemocracia.ufpa.br\/wp-content\/uploads\/2025\/10\/Meu-Filho-Foi-Preso-e-agora.png&#8221; alt=&#8221;Capa: Meu filho foi preso, e agora?&#8221; title_text=&#8221;Meu-Filho-Foi-Preso-e-agora&#8221; url=&#8221;https:\/\/drive.google.com\/file\/d\/1epsGksom2MUrj_0TYVJSghPQX_K6bXmD\/view?usp=sharing&#8221; url_new_window=&#8221;on&#8221; align_tablet=&#8221;center&#8221; align_phone=&#8221;&#8221; align_last_edited=&#8221;on|desktop&#8221; _builder_version=&#8221;4.9.9&#8243; hover_enabled=&#8221;0&#8243; sticky_enabled=&#8221;0&#8243;]&nbsp;[\/et_pb_image][et_pb_text _builder_version=&#8221;4.9.9&#8243; hover_enabled=&#8221;0&#8243; sticky_enabled=&#8221;0&#8243;]<\/p>\n<h2 style=\"text-align: center;\"><strong>Meu filho foi preso, e agora?<\/strong><\/h2>\n<p>[\/et_pb_text][et_pb_button button_url=&#8221;https:\/\/drive.google.com\/file\/d\/1epsGksom2MUrj_0TYVJSghPQX_K6bXmD\/view?usp=sharing&#8221; url_new_window=&#8221;on&#8221; button_text=&#8221;VISUALIZAR CARTILHA&#8221; button_alignment=&#8221;center&#8221; _builder_version=&#8221;4.9.9&#8243; custom_button=&#8221;on&#8221; button_text_size=&#8221;16px&#8221; button_text_color=&#8221;#aa0322&#8243; button_border_width=&#8221;3px&#8221; button_border_radius=&#8221;28px&#8221; button_letter_spacing=&#8221;0px&#8221; button_font=&#8221;|700|||||||&#8221; button_use_icon=&#8221;off&#8221; button_text_color_hover=&#8221;#ffffff&#8221; button_bg_color_hover=&#8221;#96031e&#8221; button_text_size__hover_enabled=&#8221;off&#8221; button_one_text_size__hover_enabled=&#8221;off&#8221; button_two_text_size__hover_enabled=&#8221;off&#8221; button_text_color__hover_enabled=&#8221;on&#8221; button_text_color__hover=&#8221;#ffffff&#8221; button_one_text_color__hover_enabled=&#8221;off&#8221; button_two_text_color__hover_enabled=&#8221;off&#8221; button_border_width__hover_enabled=&#8221;off&#8221; button_one_border_width__hover_enabled=&#8221;off&#8221; button_two_border_width__hover_enabled=&#8221;off&#8221; button_border_color__hover_enabled=&#8221;off&#8221; button_one_border_color__hover_enabled=&#8221;off&#8221; button_two_border_color__hover_enabled=&#8221;off&#8221; button_border_radius__hover_enabled=&#8221;off&#8221; button_one_border_radius__hover_enabled=&#8221;off&#8221; button_two_border_radius__hover_enabled=&#8221;off&#8221; button_letter_spacing__hover_enabled=&#8221;off&#8221; button_one_letter_spacing__hover_enabled=&#8221;off&#8221; button_two_letter_spacing__hover_enabled=&#8221;off&#8221; button_bg_color__hover_enabled=&#8221;on&#8221; button_bg_color__hover=&#8221;#96031e&#8221; button_one_bg_color__hover_enabled=&#8221;off&#8221; button_two_bg_color__hover_enabled=&#8221;off&#8221;]&nbsp;[\/et_pb_button][\/et_pb_column][et_pb_column type=&#8221;1_3&#8243; _builder_version=&#8221;3.25&#8243; custom_padding=&#8221;|||&#8221; custom_padding__hover=&#8221;|||&#8221;][et_pb_image src=&#8221;http:\/\/direitopenaledemocracia.ufpa.br\/wp-content\/uploads\/2025\/10\/Tu-sabes-para-quem-e-a-prisao.png&#8221; alt=&#8221;Tu-sabes-para-quem-\u00e9-a-pris\u00e3o&#8221; title_text=&#8221;Tu-sabes-para-quem-\u00e9-a-pris\u00e3o&#8221; url=&#8221;https:\/\/drive.google.com\/file\/d\/1OTpKVbXsIqIQY5sW6-BfIBek1785hby7\/view?usp=sharing&#8221; url_new_window=&#8221;on&#8221; align_tablet=&#8221;center&#8221; align_phone=&#8221;&#8221; align_last_edited=&#8221;on|desktop&#8221; _builder_version=&#8221;4.9.9&#8243; hover_enabled=&#8221;0&#8243; sticky_enabled=&#8221;0&#8243;]&nbsp;[\/et_pb_image][et_pb_text _builder_version=&#8221;4.9.9&#8243; hover_enabled=&#8221;0&#8243; sticky_enabled=&#8221;0&#8243;]<\/p>\n<h2 style=\"text-align: center;\"><strong>Tu sabes para quem \u00e9 a pris\u00e3o?<\/strong><\/h2>\n<p>[\/et_pb_text][et_pb_button button_url=&#8221;https:\/\/drive.google.com\/file\/d\/1OTpKVbXsIqIQY5sW6-BfIBek1785hby7\/view?usp=sharing&#8221; url_new_window=&#8221;on&#8221; button_text=&#8221;VISUALIZAR CARTILHA&#8221; button_alignment=&#8221;center&#8221; _builder_version=&#8221;4.9.9&#8243; custom_button=&#8221;on&#8221; button_text_size=&#8221;16px&#8221; button_text_color=&#8221;#aa0322&#8243; button_border_width=&#8221;3px&#8221; button_border_radius=&#8221;28px&#8221; button_letter_spacing=&#8221;0px&#8221; button_font=&#8221;|700|||||||&#8221; button_use_icon=&#8221;off&#8221; button_text_color_hover=&#8221;#ffffff&#8221; button_bg_color_hover=&#8221;#96031e&#8221; button_text_size__hover_enabled=&#8221;off&#8221; button_one_text_size__hover_enabled=&#8221;off&#8221; button_two_text_size__hover_enabled=&#8221;off&#8221; button_text_color__hover_enabled=&#8221;on&#8221; button_text_color__hover=&#8221;#ffffff&#8221; button_one_text_color__hover_enabled=&#8221;off&#8221; button_two_text_color__hover_enabled=&#8221;off&#8221; button_border_width__hover_enabled=&#8221;off&#8221; button_one_border_width__hover_enabled=&#8221;off&#8221; button_two_border_width__hover_enabled=&#8221;off&#8221; button_border_color__hover_enabled=&#8221;off&#8221; button_one_border_color__hover_enabled=&#8221;off&#8221; button_two_border_color__hover_enabled=&#8221;off&#8221; button_border_radius__hover_enabled=&#8221;off&#8221; button_one_border_radius__hover_enabled=&#8221;off&#8221; button_two_border_radius__hover_enabled=&#8221;off&#8221; button_letter_spacing__hover_enabled=&#8221;off&#8221; button_one_letter_spacing__hover_enabled=&#8221;off&#8221; button_two_letter_spacing__hover_enabled=&#8221;off&#8221; button_bg_color__hover_enabled=&#8221;on&#8221; button_bg_color__hover=&#8221;#96031e&#8221; button_one_bg_color__hover_enabled=&#8221;off&#8221; button_two_bg_color__hover_enabled=&#8221;off&#8221;]&nbsp;[\/et_pb_button][\/et_pb_column][\/et_pb_row][et_pb_row _builder_version=&#8221;3.25&#8243;][et_pb_column type=&#8221;4_4&#8243; _builder_version=&#8221;3.25&#8243; custom_padding=&#8221;|||&#8221; custom_padding__hover=&#8221;|||&#8221;][et_pb_divider color=&#8221;#a30b27&#8243; _builder_version=&#8221;3.10.1&#8243;]&nbsp;[\/et_pb_divider][\/et_pb_column][\/et_pb_row][\/et_pb_section]<\/p>\n","protected":false},"excerpt":{"rendered":"<p>[et_pb_section fb_built=&#8221;1&#8243; _builder_version=&#8221;3.22&#8243; background_image=&#8221;http:\/\/direitopenaledemocracia.ufpa.br\/wp-content\/uploads\/2018\/06\/eventos-anteriores.png&#8221; custom_padding=&#8221;54px|0px|0|0px|false|false&#8221;][et_pb_row column_structure=&#8221;1_2,1_2&#8243; _builder_version=&#8221;3.25&#8243;][et_pb_column type=&#8221;1_2&#8243; _builder_version=&#8221;3.25&#8243; custom_padding=&#8221;|||&#8221; custom_padding__hover=&#8221;|||&#8221;][et_pb_text _builder_version=&#8221;3.27.4&#8243; text_font=&#8221;||||||||&#8221; text_font_size=&#8221;60px&#8221; header_font=&#8221;|700|||||||&#8221; header_text_color=&#8221;#ffffff&#8221; header_font_size=&#8221;56px&#8221;]MATERIAIS&nbsp; &nbsp;[\/et_pb_text][\/et_pb_column][et_pb_column type=&#8221;1_2&#8243; _builder_version=&#8221;3.25&#8243; custom_padding=&#8221;|||&#8221; custom_padding__hover=&#8221;|||&#8221;][et_pb_text disabled_on=&#8221;on|on|on&#8221; _builder_version=&#8221;3.27.4&#8243; text_font=&#8221;||||||||&#8221; text_line_height=&#8221;2.5em&#8221; header_font=&#8221;||||||||&#8221; header_2_font=&#8221;||||||||&#8221; header_3_font=&#8221;||||||||&#8221; header_4_font=&#8221;||||||||&#8221; header_4_font_size=&#8221;15px&#8221; header_4_line_height=&#8221;1.4em&#8221; custom_padding_tablet=&#8221;&#8221; custom_padding_phone=&#8221;&#8221; custom_padding_last_edited=&#8221;on|desktop&#8221; disabled=&#8221;on&#8221;] Aqui est\u00e3o arquivados os materiais produzidos pelo Grupo de Pesquisa Direito Penal e Democracia [\/et_pb_text][\/et_pb_column][\/et_pb_row][\/et_pb_section][et_pb_section fb_built=&#8221;1&#8243; _builder_version=&#8221;3.22&#8243; custom_padding=&#8221;25.5px|0px|25.5px|0px|true|false&#8221;][et_pb_row _builder_version=&#8221;4.9.9&#8243; [&hellip;]<\/p>\n","protected":false},"author":4,"featured_media":0,"parent":0,"menu_order":0,"comment_status":"closed","ping_status":"closed","template":"","meta":{"_et_pb_use_builder":"on","_et_pb_old_content":"","_et_gb_content_width":""},"_links":{"self":[{"href":"https:\/\/direitopenaledemocracia.ufpa.br\/index.php\/wp-json\/wp\/v2\/pages\/1410"}],"collection":[{"href":"https:\/\/direitopenaledemocracia.ufpa.br\/index.php\/wp-json\/wp\/v2\/pages"}],"about":[{"href":"https:\/\/direitopenaledemocracia.ufpa.br\/index.php\/wp-json\/wp\/v2\/types\/page"}],"author":[{"embeddable":true,"href":"https:\/\/direitopenaledemocracia.ufpa.br\/index.php\/wp-json\/wp\/v2\/users\/4"}],"replies":[{"embeddable":true,"href":"https:\/\/direitopenaledemocracia.ufpa.br\/index.php\/wp-json\/wp\/v2\/comments?post=1410"}],"version-history":[{"count":31,"href":"https:\/\/direitopenaledemocracia.ufpa.br\/index.php\/wp-json\/wp\/v2\/pages\/1410\/revisions"}],"predecessor-version":[{"id":1696,"href":"https:\/\/direitopenaledemocracia.ufpa.br\/index.php\/wp-json\/wp\/v2\/pages\/1410\/revisions\/1696"}],"wp:attachment":[{"href":"https:\/\/direitopenaledemocracia.ufpa.br\/index.php\/wp-json\/wp\/v2\/media?parent=1410"}],"curies":[{"name":"wp","href":"https:\/\/api.w.org\/{rel}","templated":true}]}}